{"id":38,"date":"2021-06-01T09:36:33","date_gmt":"2021-06-01T09:36:33","guid":{"rendered":"https:\/\/muencharchitektengmbh.de\/?page_id=38"},"modified":"2021-06-09T15:06:33","modified_gmt":"2021-06-09T13:06:33","slug":"haftungshinweis","status":"publish","type":"page","link":"https:\/\/muencharchitektengmbh.de\/?page_id=38","title":{"rendered":"Haftungshinweis"},"content":{"rendered":"<p>[et_pb_section fb_built=&#8220;1&#8243; admin_label=&#8220;Hero Section&#8220; _builder_version=&#8220;3.22&#8243; custom_padding=&#8220;0|0px|0px|0px&#8220;][et_pb_row column_structure=&#8220;1_2,1_2&#8243; use_custom_gutter=&#8220;on&#8220; make_equal=&#8220;on&#8220; _builder_version=&#8220;3.25&#8243; width=&#8220;100%&#8220; max_width=&#8220;100%&#8220; min_height=&#8220;147.8px&#8220; custom_margin=&#8220;|auto|-172px|auto||&#8220; custom_padding=&#8220;0px|0|170px|||&#8220; use_custom_width=&#8220;on&#8220; width_unit=&#8220;off&#8220; custom_width_percent=&#8220;100%&#8220;][et_pb_column type=&#8220;1_2&#8243; _builder_version=&#8220;3.25&#8243; custom_padding=&#8220;200px|4%|200px|8%&#8220; custom_padding_tablet=&#8220;60px|10%|60px|10%&#8220; custom_padding_phone=&#8220;&#8220; custom_padding_last_edited=&#8220;on|tablet&#8220; padding_tablet=&#8220;60px|10%|60px|10%&#8220; padding_last_edited=&#8220;on|tablet&#8220; custom_padding__hover=&#8220;|||&#8220;][et_pb_text _builder_version=&#8220;4.9.4&#8243; text_font=&#8220;Karla||||||||&#8220; text_font_size=&#8220;18px&#8220; text_line_height=&#8220;1.8em&#8220; header_font=&#8220;Cormorant Garamond||||||||&#8220; header_font_size=&#8220;56px&#8220; header_line_height=&#8220;1.4em&#8220; header_2_font=&#8220;||||||||&#8220; header_3_font=&#8220;||||||||&#8220; max_width=&#8220;600px&#8220; header_font_size_tablet=&#8220;40px&#8220; header_font_size_phone=&#8220;&#8220; header_font_size_last_edited=&#8220;on|tablet&#8220; locked=&#8220;off&#8220; custom_margin=&#8220;||-96px|||&#8220; custom_padding=&#8220;||0px|||&#8220;]<\/p>\n<h1><b>HAFTUNGSHINWEIS<\/b><\/h1>\n<p>&nbsp;<\/p>\n<p>[\/et_pb_text][\/et_pb_column][et_pb_column type=&#8220;1_2&#8243; _builder_version=&#8220;3.25&#8243; background_color=&#8220;#121212&#8243; use_background_color_gradient=&#8220;on&#8220; background_color_gradient_start=&#8220;rgba(18,18,18,0.5)&#8220; background_color_gradient_end=&#8220;#121212&#8243; background_color_gradient_overlays_image=&#8220;on&#8220; background_image=&#8220;https:\/\/muencharchitektengmbh.de\/wp-content\/uploads\/2021\/06\/architect-firm-13.jpg&#8220; custom_padding=&#8220;100px||100px|&#8220; custom_padding_tablet=&#8220;60px||60px|&#8220; custom_padding_phone=&#8220;&#8220; custom_padding_last_edited=&#8220;on|desktop&#8220; padding_tablet=&#8220;60px||60px|&#8220; padding_last_edited=&#8220;on|desktop&#8220; custom_padding__hover=&#8220;|||&#8220;][et_pb_divider show_divider=&#8220;off&#8220; _builder_version=&#8220;3.2&#8243; height=&#8220;100px&#8220;][\/et_pb_divider][\/et_pb_column][\/et_pb_row][\/et_pb_section][et_pb_section fb_built=&#8220;1&#8243; admin_label=&#8220;About&#8220; _builder_version=&#8220;3.22&#8243; background_color=&#8220;#121212&#8243; custom_margin=&#8220;-168px|||||&#8220; custom_padding=&#8220;95px|0px|100px|0px||&#8220;][et_pb_row _builder_version=&#8220;4.9.4&#8243; _module_preset=&#8220;default&#8220;][et_pb_column type=&#8220;4_4&#8243; _builder_version=&#8220;4.9.4&#8243; _module_preset=&#8220;default&#8220;][et_pb_text _builder_version=&#8220;4.9.4&#8243; _module_preset=&#8220;default&#8220; text_text_color=&#8220;#FFFFFF&#8220; text_font_size=&#8220;19px&#8220;]<\/p>\n<p><b>TROTZ SORGF\u00c4LTIGER INHALTLICHER KONTROLLE \u00dcBERNEHMEN WIR KEINE HAFTUNG F\u00dcR DIE INHALTE EXTERNER LINKS. F\u00dcR DEN INHALT DER \u00dcBER EINEN LINK ZU ERREICHENDEN SEITEN SIND AUSSCHLIESSLICH DEREN BETREIBER VERANTWORTLICH. <\/p>\n<p>ALLE RECHTE F\u00dcR DEN AUFTRITT &#8222;WWW.ARCHITEKTENUNDINGENIEURE.DE&#8220; LIEGEN BEI ARCHITEKTEN UND INGENIEURE. EINE VERVIELF\u00c4LTIGUNG UND VERBREITUNG DES AUFTRITTS ODER EINZELNER SEITEN DARF NUR MIT GENEHMIGUNG VORGENOMMEN WERDEN. <\/p>\n<p>DIE SEITEN BEFINDEN SICH AUF DEM STAND VOM 01.03.07 <br \/>ALLE ANGABEN WURDEN SORGF\u00c4LTIG GEPR\u00dcFT. EINE GARANTIE F\u00dcR VOLLST\u00c4NDIGKEIT UND RICHTIGKEIT DER SEITEN KANN JEDOCH NICHT \u00dcBERNOMMEN WERDEN EBENSO WENIG WIE EINE HAFTUNG F\u00dcR DIE VERWENDUNG<\/b><\/p>\n<p>[\/et_pb_text][\/et_pb_column][\/et_pb_row][\/et_pb_section]<\/p>\n","protected":false},"excerpt":{"rendered":"<p>HAFTUNGSHINWEIS &nbsp;TROTZ SORGF\u00c4LTIGER INHALTLICHER KONTROLLE \u00dcBERNEHMEN WIR KEINE HAFTUNG F\u00dcR DIE INHALTE EXTERNER LINKS. F\u00dcR DEN INHALT DER \u00dcBER EINEN LINK ZU ERREICHENDEN SEITEN SIND AUSSCHLIESSLICH DEREN BETREIBER VERANTWORTLICH. ALLE RECHTE F\u00dcR DEN AUFTRITT &#8222;WWW.ARCHITEKTENUNDINGENIEURE.DE&#8220; LIEGEN BEI ARCHITEKTEN UND INGENIEURE. EINE VERVIELF\u00c4LTIGUNG UND VERBREITUNG DES AUFTRITTS ODER EINZELNER SEITEN DARF NUR MIT GENEHMIGUNG VORGENOMMEN WERDEN. [&hellip;]<\/p>\n","protected":false},"author":1,"featured_media":0,"parent":2,"menu_order":0,"comment_status":"closed","ping_status":"closed","template":"","meta":{"_et_pb_use_builder":"on","_et_pb_old_content":"","_et_gb_content_width":"","footnotes":""},"class_list":["post-38","page","type-page","status-publish","hentry"],"_links":{"self":[{"href":"https:\/\/muencharchitektengmbh.de\/index.php?rest_route=\/wp\/v2\/pages\/38","targetHints":{"allow":["GET"]}}],"collection":[{"href":"https:\/\/muencharchitektengmbh.de\/index.php?rest_route=\/wp\/v2\/pages"}],"about":[{"href":"https:\/\/muencharchitektengmbh.de\/index.php?rest_route=\/wp\/v2\/types\/page"}],"author":[{"embeddable":true,"href":"https:\/\/muencharchitektengmbh.de\/index.php?rest_route=\/wp\/v2\/users\/1"}],"replies":[{"embeddable":true,"href":"https:\/\/muencharchitektengmbh.de\/index.php?rest_route=%2Fwp%2Fv2%2Fcomments&post=38"}],"version-history":[{"count":6,"href":"https:\/\/muencharchitektengmbh.de\/index.php?rest_route=\/wp\/v2\/pages\/38\/revisions"}],"predecessor-version":[{"id":90,"href":"https:\/\/muencharchitektengmbh.de\/index.php?rest_route=\/wp\/v2\/pages\/38\/revisions\/90"}],"up":[{"embeddable":true,"href":"https:\/\/muencharchitektengmbh.de\/index.php?rest_route=\/wp\/v2\/pages\/2"}],"wp:attachment":[{"href":"https:\/\/muencharchitektengmbh.de\/index.php?rest_route=%2Fwp%2Fv2%2Fmedia&parent=38"}],"curies":[{"name":"wp","href":"https:\/\/api.w.org\/{rel}","templated":true}]}}